{"id":704,"date":"2025-12-18T12:43:59","date_gmt":"2025-12-18T12:43:59","guid":{"rendered":"https:\/\/www.spacegamejam99.fr\/?page_id=704"},"modified":"2026-04-13T09:46:01","modified_gmt":"2026-04-13T09:46:01","slug":"la-game-jam","status":"publish","type":"page","link":"https:\/\/www.spacegamejam99.fr\/index.php\/la-game-jam\/","title":{"rendered":"La Game Jam"},"content":{"rendered":"\t\t<div data-elementor-type=\"wp-page\" data-elementor-id=\"704\" class=\"elementor elementor-704\" data-elementor-post-type=\"page\">\n\t\t\t\t<div class=\"elementor-element elementor-element-29dc17c e-flex e-con-boxed e-con e-parent\" data-id=\"29dc17c\" data-element_type=\"container\" data-e-type=\"container\">\n\t\t\t\t\t<div class=\"e-con-inner\">\n\t\t\t\t<div class=\"elementor-element elementor-element-1b83b20 elementor-widget elementor-widget-theme-site-logo elementor-widget-image\" data-id=\"1b83b20\" data-element_type=\"widget\" data-e-type=\"widget\" data-widget_type=\"theme-site-logo.default\">\n\t\t\t\t\t\t\t\t\t\t\t<a href=\"https:\/\/www.spacegamejam99.fr\">\n\t\t\t<img fetchpriority=\"high\" decoding=\"async\" width=\"1729\" height=\"525\" src=\"https:\/\/www.spacegamejam99.fr\/wp-content\/uploads\/2025\/11\/SGJ_logo.png\" class=\"attachment-full size-full wp-image-156\" alt=\"\" srcset=\"https:\/\/www.spacegamejam99.fr\/wp-content\/uploads\/2025\/11\/SGJ_logo.png 1729w, https:\/\/www.spacegamejam99.fr\/wp-content\/uploads\/2025\/11\/SGJ_logo-300x91.png 300w, https:\/\/www.spacegamejam99.fr\/wp-content\/uploads\/2025\/11\/SGJ_logo-1024x311.png 1024w, https:\/\/www.spacegamejam99.fr\/wp-content\/uploads\/2025\/11\/SGJ_logo-768x233.png 768w, https:\/\/www.spacegamejam99.fr\/wp-content\/uploads\/2025\/11\/SGJ_logo-1536x466.png 1536w\" sizes=\"(max-width: 1729px) 100vw, 1729px\" \/>\t\t\t\t<\/a>\n\t\t\t\t\t\t\t\t\t\t\t<\/div>\n\t\t\t\t<div class=\"elementor-element elementor-element-03d5497 elementor-widget__width-initial elementor-widget elementor-widget-heading\" data-id=\"03d5497\" data-element_type=\"widget\" data-e-type=\"widget\" data-widget_type=\"heading.default\">\n\t\t\t\t\t<h2 class=\"elementor-heading-title elementor-size-default\">La Fondation de l\u2019Espace organise la premi\u00e8re Game Jam pour le spatial du 10 au 19 avril 2026<br><br>\nLa Space Game Jam 99 : Objectif Terre<\/h2>\t\t\t\t<\/div>\n\t\t\t\t<div class=\"elementor-element elementor-element-5b7020f elementor-widget elementor-widget-spacer\" data-id=\"5b7020f\" data-element_type=\"widget\" data-e-type=\"widget\" data-widget_type=\"spacer.default\">\n\t\t\t\t\t\t\t<div class=\"elementor-spacer\">\n\t\t\t<div class=\"elementor-spacer-inner\"><\/div>\n\t\t<\/div>\n\t\t\t\t\t\t<\/div>\n\t\t\t\t\t<\/div>\n\t\t\t\t<\/div>\n\t\t<div class=\"elementor-element elementor-element-112fc97 e-flex e-con-boxed e-con e-parent\" data-id=\"112fc97\" data-element_type=\"container\" data-e-type=\"container\" data-settings=\"{&quot;background_background&quot;:&quot;classic&quot;}\">\n\t\t\t\t\t<div class=\"e-con-inner\">\n\t\t\t\t<div class=\"elementor-element elementor-element-f5061a9 elementor-widget elementor-widget-heading\" data-id=\"f5061a9\" data-element_type=\"widget\" data-e-type=\"widget\" data-widget_type=\"heading.default\">\n\t\t\t\t\t<h2 class=\"elementor-heading-title elementor-size-default\">Qu'est-ce qu'une Game Jam ?<\/h2>\t\t\t\t<\/div>\n\t\t\t\t<div class=\"elementor-element elementor-element-54c7426 elementor-widget elementor-widget-text-editor\" data-id=\"54c7426\" data-element_type=\"widget\" data-e-type=\"widget\" data-widget_type=\"text-editor.default\">\n\t\t\t\t\t\t\t\t\t<p><span style=\"font-weight: 400;\">Une game jam est un \u00e9v\u00e9nement durant lequel des participants, group\u00e9s en \u00e9quipes, doivent cr\u00e9er un jeu vid\u00e9o dans un temps limit\u00e9. Programmation, graphismes, musique : le tout doit \u00eatre r\u00e9alis\u00e9 dans le temps imparti pour r\u00e9aliser le meilleur jeu possible tout en respectant la th\u00e9matique de la game jam.<\/span><\/p>\t\t\t\t\t\t\t\t<\/div>\n\t\t\t\t<div class=\"elementor-element elementor-element-94ecf15 elementor-widget elementor-widget-heading\" data-id=\"94ecf15\" data-element_type=\"widget\" data-e-type=\"widget\" data-widget_type=\"heading.default\">\n\t\t\t\t\t<h2 class=\"elementor-heading-title elementor-size-default\">Pourquoi la \u201cSpace Game Jam 99 : Objectif Terre\u201d ?<\/h2>\t\t\t\t<\/div>\n\t\t\t\t<div class=\"elementor-element elementor-element-bf116f2 elementor-widget elementor-widget-text-editor\" data-id=\"bf116f2\" data-element_type=\"widget\" data-e-type=\"widget\" data-widget_type=\"text-editor.default\">\n\t\t\t\t\t\t\t\t\t<p><span style=\"font-weight: 400;\">Ce chiffre \u00e9nigmatique souligne l\u2019importance du spatial pour la Terre et le vivant : 99% des solutions spatiales sont tourn\u00e9es vers nous, nous regardent, nous accompagnent, nous connectent. <\/span><span style=\"font-weight: 400;\">Loin des imaginaires hollywoodiens de la conqu\u00eate de l\u2019espace, de la derni\u00e8re fronti\u00e8re par la machine, la Space Game Jam 99 reconnecte avec la plan\u00e8te. Elle dessine les liens invisibles entre le ciel et la Terre, soulignant l\u2019importance du Space for all.\u00a0<\/span><\/p><p><span style=\"font-weight: 400;\">Cet \u00e9v\u00e9nement de cr\u00e9ation de jeux vid\u00e9o se veut ouvert \u00e0 tous les \u00e9tudiants de plus de 18 ans, toutes sp\u00e9cialit\u00e9s confondues, int\u00e9ress\u00e9s par la protection de la Terre et de l\u2019humanit\u00e9.<\/span><\/p>\t\t\t\t\t\t\t\t<\/div>\n\t\t\t\t<div class=\"elementor-element elementor-element-290036b elementor-widget elementor-widget-heading\" data-id=\"290036b\" data-element_type=\"widget\" data-e-type=\"widget\" data-widget_type=\"heading.default\">\n\t\t\t\t\t<h2 class=\"elementor-heading-title elementor-size-default\">Quand et o\u00f9 ?<\/h2>\t\t\t\t<\/div>\n\t\t\t\t<div class=\"elementor-element elementor-element-0295d06 elementor-widget elementor-widget-text-editor\" data-id=\"0295d06\" data-element_type=\"widget\" data-e-type=\"widget\" data-widget_type=\"text-editor.default\">\n\t\t\t\t\t\t\t\t\t<p><span style=\"font-weight: 400;\">Pens\u00e9e pour \u00eatre en ligne et s\u2019\u00e9tendant sur une dur\u00e9e de 10 jours, la Space Game Jam 99 permettra de porter les valeurs de la Fondation de l\u2019Espace et de ses partenaires aupr\u00e8s des futurs acteurs du spatial de l\u2019amont et de l\u2019aval, mais aussi du grand public int\u00e9ress\u00e9 par le jeu vid\u00e9o et par l\u2019espace.<\/span><\/p><p><span style=\"font-weight: 400;\">Elle aura lieu <\/span><b>en ligne du 10 au 19 avril<\/b><span style=\"font-weight: 400;\">. Les participants seront accueillis<\/span><span style=\"font-weight: 400;\"> le vendredi 10 avril pour un d\u00e9marrage en pr\u00e9sentiel dans nos campus partenaires des villes h\u00f4tes : Paris, Toulouse, Cannes, Bordeaux, Rennes.<\/span><\/p><p><span style=\"font-weight: 400;\">La remise des prix se tiendra \u00e0 Paris le 7 juillet 2026 lors des Assises du NewSpace, \u00e0 la Cit\u00e9 des sciences et de l\u2019industrie.<\/span><\/p>\t\t\t\t\t\t\t\t<\/div>\n\t\t\t\t\t<\/div>\n\t\t\t\t<\/div>\n\t\t\t\t<\/div>\n\t\t","protected":false},"excerpt":{"rendered":"<p>La Fondation de l\u2019Espace organise la premi\u00e8re Game Jam pour le spatial du 10 au 19 avril 2026 La Space Game Jam 99 : Objectif Terre Qu&#8217;est-ce qu&#8217;une Game Jam ? Une game jam est un \u00e9v\u00e9nement durant lequel des participants, group\u00e9s en \u00e9quipes, doivent cr\u00e9er un jeu vid\u00e9o dans un temps limit\u00e9. Programmation, graphismes, [&hellip;]<\/p>\n","protected":false},"author":1,"featured_media":0,"parent":0,"menu_order":0,"comment_status":"closed","ping_status":"closed","template":"","meta":{"footnotes":""},"class_list":["post-704","page","type-page","status-publish","hentry"],"_links":{"self":[{"href":"https:\/\/www.spacegamejam99.fr\/index.php\/wp-json\/wp\/v2\/pages\/704","targetHints":{"allow":["GET"]}}],"collection":[{"href":"https:\/\/www.spacegamejam99.fr\/index.php\/wp-json\/wp\/v2\/pages"}],"about":[{"href":"https:\/\/www.spacegamejam99.fr\/index.php\/wp-json\/wp\/v2\/types\/page"}],"author":[{"embeddable":true,"href":"https:\/\/www.spacegamejam99.fr\/index.php\/wp-json\/wp\/v2\/users\/1"}],"replies":[{"embeddable":true,"href":"https:\/\/www.spacegamejam99.fr\/index.php\/wp-json\/wp\/v2\/comments?post=704"}],"version-history":[{"count":70,"href":"https:\/\/www.spacegamejam99.fr\/index.php\/wp-json\/wp\/v2\/pages\/704\/revisions"}],"predecessor-version":[{"id":1666,"href":"https:\/\/www.spacegamejam99.fr\/index.php\/wp-json\/wp\/v2\/pages\/704\/revisions\/1666"}],"wp:attachment":[{"href":"https:\/\/www.spacegamejam99.fr\/index.php\/wp-json\/wp\/v2\/media?parent=704"}],"curies":[{"name":"wp","href":"https:\/\/api.w.org\/{rel}","templated":true}]}}