{"id":1673,"date":"2026-04-20T16:04:17","date_gmt":"2026-04-20T16:04:17","guid":{"rendered":"https:\/\/www.spacegamejam99.fr\/?page_id=1673"},"modified":"2026-04-22T08:53:21","modified_gmt":"2026-04-22T08:53:21","slug":"jeux","status":"publish","type":"page","link":"https:\/\/www.spacegamejam99.fr\/index.php\/jeux\/","title":{"rendered":"Jeux"},"content":{"rendered":"\t\t<div data-elementor-type=\"wp-page\" data-elementor-id=\"1673\" class=\"elementor elementor-1673\" data-elementor-post-type=\"page\">\n\t\t\t\t<div class=\"elementor-element elementor-element-b9f5672 e-flex e-con-boxed e-con e-parent\" data-id=\"b9f5672\" data-element_type=\"container\" data-e-type=\"container\">\n\t\t\t\t\t<div class=\"e-con-inner\">\n\t\t\t\t<div class=\"elementor-element elementor-element-b467384 elementor-widget elementor-widget-heading\" data-id=\"b467384\" data-element_type=\"widget\" data-e-type=\"widget\" data-widget_type=\"heading.default\">\n\t\t\t\t\t<h1 class=\"elementor-heading-title elementor-size-default\">Les jeux de la Space Game Jam 99<\/h1>\t\t\t\t<\/div>\n\t\t\t\t<div class=\"elementor-element elementor-element-d825a24 elementor-widget elementor-widget-spacer\" data-id=\"d825a24\" data-element_type=\"widget\" data-e-type=\"widget\" data-widget_type=\"spacer.default\">\n\t\t\t\t\t\t\t<div class=\"elementor-spacer\">\n\t\t\t<div class=\"elementor-spacer-inner\"><\/div>\n\t\t<\/div>\n\t\t\t\t\t\t<\/div>\n\t\t\t\t\t<\/div>\n\t\t\t\t<\/div>\n\t\t<div class=\"elementor-element elementor-element-8e7add9 e-flex e-con-boxed e-con e-parent\" data-id=\"8e7add9\" data-element_type=\"container\" data-e-type=\"container\">\n\t\t\t\t\t<div class=\"e-con-inner\">\n\t\t<div class=\"elementor-element elementor-element-09286cd e-con-full e-flex e-con e-child\" data-id=\"09286cd\" data-element_type=\"container\" data-e-type=\"container\" data-settings=\"{&quot;background_background&quot;:&quot;classic&quot;}\">\n\t\t\t\t<div class=\"elementor-element elementor-element-7848af3 elementor-widget elementor-widget-text-editor\" data-id=\"7848af3\" data-element_type=\"widget\" data-e-type=\"widget\" data-widget_type=\"text-editor.default\">\n\t\t\t\t\t\t\t\t\t<p>Les vingt quatre jeux de la Space Game Jam 99 sont testables en ligne sur itch.io.<\/p>\t\t\t\t\t\t\t\t<\/div>\n\t\t\t\t<div class=\"elementor-element elementor-element-333b99b elementor-align-center elementor-widget elementor-widget-button\" data-id=\"333b99b\" data-element_type=\"widget\" data-e-type=\"widget\" data-widget_type=\"button.default\">\n\t\t\t\t\t\t\t\t\t\t<a class=\"elementor-button elementor-button-link elementor-size-sm elementor-animation-grow\" href=\"https:\/\/itch.io\/jam\/space-game-jam-99\/\">\n\t\t\t\t\t\t<span class=\"elementor-button-content-wrapper\">\n\t\t\t\t\t\t\t\t\t<span class=\"elementor-button-text\">Acc\u00e9der aux jeux<\/span>\n\t\t\t\t\t<\/span>\n\t\t\t\t\t<\/a>\n\t\t\t\t\t\t\t\t<\/div>\n\t\t\t\t<\/div>\n\t\t\t\t<div class=\"elementor-element elementor-element-a9a0fc9 elementor-widget elementor-widget-spacer\" data-id=\"a9a0fc9\" data-element_type=\"widget\" data-e-type=\"widget\" data-widget_type=\"spacer.default\">\n\t\t\t\t\t\t\t<div class=\"elementor-spacer\">\n\t\t\t<div class=\"elementor-spacer-inner\"><\/div>\n\t\t<\/div>\n\t\t\t\t\t\t<\/div>\n\t\t\t\t\t<\/div>\n\t\t\t\t<\/div>\n\t\t<div class=\"elementor-element elementor-element-8e46dfd e-flex e-con-boxed e-con e-parent\" data-id=\"8e46dfd\" data-element_type=\"container\" data-e-type=\"container\">\n\t\t\t\t\t<div class=\"e-con-inner\">\n\t\t<div class=\"elementor-element elementor-element-f83924a e-con-full e-flex e-con e-child\" data-id=\"f83924a\" data-element_type=\"container\" data-e-type=\"container\" data-settings=\"{&quot;background_background&quot;:&quot;classic&quot;}\">\n\t\t\t\t<div class=\"elementor-element elementor-element-730787b elementor-widget elementor-widget-text-editor\" data-id=\"730787b\" data-element_type=\"widget\" data-e-type=\"widget\" data-widget_type=\"text-editor.default\">\n\t\t\t\t\t\t\t\t\t<p>Thomas Pesquet vous rappelle la philosophie de l&#8217;\u00e9v\u00e8nement<\/p>\t\t\t\t\t\t\t\t<\/div>\n\t\t\t\t<div class=\"elementor-element elementor-element-2f23e30 elementor-widget elementor-widget-video\" data-id=\"2f23e30\" data-element_type=\"widget\" data-e-type=\"widget\" data-settings=\"{&quot;video_type&quot;:&quot;hosted&quot;,&quot;controls&quot;:&quot;yes&quot;}\" data-widget_type=\"video.default\">\n\t\t\t\t\t\t\t<div class=\"e-hosted-video elementor-wrapper elementor-open-inline\">\n\t\t\t\t\t<video class=\"elementor-video\" src=\"http:\/\/www.spacegamejam99.fr\/wp-content\/uploads\/2026\/04\/Space-Game-Jam-99-Thomas-Pesquet.mp4\" controls=\"\" preload=\"metadata\" controlsList=\"nodownload\"><\/video>\n\t\t\t\t<\/div>\n\t\t\t\t\t\t<\/div>\n\t\t\t\t<\/div>\n\t\t\t\t<div class=\"elementor-element elementor-element-004e705 elementor-widget elementor-widget-spacer\" data-id=\"004e705\" data-element_type=\"widget\" data-e-type=\"widget\" data-widget_type=\"spacer.default\">\n\t\t\t\t\t\t\t<div class=\"elementor-spacer\">\n\t\t\t<div class=\"elementor-spacer-inner\"><\/div>\n\t\t<\/div>\n\t\t\t\t\t\t<\/div>\n\t\t\t\t\t<\/div>\n\t\t\t\t<\/div>\n\t\t<div class=\"elementor-element elementor-element-72f2c5b e-flex e-con-boxed e-con e-parent\" data-id=\"72f2c5b\" data-element_type=\"container\" data-e-type=\"container\">\n\t\t\t\t\t<div class=\"e-con-inner\">\n\t\t<div class=\"elementor-element elementor-element-dfaa3e5 e-con-full e-flex e-con e-child\" data-id=\"dfaa3e5\" data-element_type=\"container\" data-e-type=\"container\" data-settings=\"{&quot;background_background&quot;:&quot;classic&quot;}\">\n\t\t\t\t<div class=\"elementor-element elementor-element-23c800b elementor-widget elementor-widget-heading\" data-id=\"23c800b\" data-element_type=\"widget\" data-e-type=\"widget\" data-widget_type=\"heading.default\">\n\t\t\t\t\t<h2 class=\"elementor-heading-title elementor-size-default\">Prix du Public<\/h2>\t\t\t\t<\/div>\n\t\t\t\t<div class=\"elementor-element elementor-element-4c39f35 elementor-widget elementor-widget-text-editor\" data-id=\"4c39f35\" data-element_type=\"widget\" data-e-type=\"widget\" data-widget_type=\"text-editor.default\">\n\t\t\t\t\t\t\t\t\t<p>Le prix du public vient consacrer le jeu pr\u00e9f\u00e9r\u00e9 du public. A vous de voter pour votre jeu pr\u00e9f\u00e9r\u00e9 ! Pour ce faire, vous pouvez cocher jusqu\u2019\u00e0 trois noms de jeux qui ont eu votre pr\u00e9f\u00e9rence. Le jeu qui obtiendra le plus de vote recevra son prix \u00e0 la remise aux Assises du newSpace.<\/p><p><em><strong>Cl\u00f4ture des votes : 31 mai 2026<\/strong><\/em><\/p>\t\t\t\t\t\t\t\t<\/div>\n\t\t\t\t<div class=\"elementor-element elementor-element-3a6e1e2 elementor-widget elementor-widget-text-editor\" data-id=\"3a6e1e2\" data-element_type=\"widget\" data-e-type=\"widget\" data-widget_type=\"text-editor.default\">\n\t\t\t\t\t\t\t\t\t<div id=\"polls-2\" class=\"wp-polls\">\n\t<form id=\"polls_form_2\" class=\"wp-polls-form\" action=\"\/index.php\" method=\"post\">\n\t\t<p style=\"display: none;\"><input type=\"hidden\" id=\"poll_2_nonce\" name=\"wp-polls-nonce\" value=\"3dd5c5a858\" \/><\/p>\n\t\t<p style=\"display: none;\"><input type=\"hidden\" name=\"poll_id\" value=\"2\" \/><\/p>\n\t\t<p style=\"display: none;\"><input type=\"hidden\" id=\"poll_multiple_ans_2\" name=\"poll_multiple_ans_2\" value=\"3\" \/><\/p>\n\t\t<p style=\"text-align: center\"><strong>Quels sont vos jeux pr\u00e9f\u00e9r\u00e9s de la Space Game Jam 99 ?<\/strong><\/p><div id=\"polls-2-ans\" class=\"wp-polls-ans\"><ul class=\"wp-polls-ul\">\n\t\t<li><input type=\"checkbox\" id=\"poll-answer-6\" name=\"poll_2\" value=\"6\" \/> <label for=\"poll-answer-6\">A Satellite&#8217;s Mission <a href=\"https:\/\/lucasgd17.itch.io\/a-satellites-missison\">(Jouer)<\/a><\/label><\/li>\n\t\t<li><input type=\"checkbox\" id=\"poll-answer-7\" name=\"poll_2\" value=\"7\" \/> <label for=\"poll-answer-7\">Bearnondation <a href=\"https:\/\/castorhunter.itch.io\/bearnondation\">(Jouer)<\/a><\/label><\/li>\n\t\t<li><input type=\"checkbox\" id=\"poll-answer-8\" name=\"poll_2\" value=\"8\" \/> <label for=\"poll-answer-8\">Beyond the Signal <a href=\"https:\/\/wasadev.itch.io\/beyond-the-signal\">(Jouer)<\/a><\/label><\/li>\n\t\t<li><input type=\"checkbox\" id=\"poll-answer-9\" name=\"poll_2\" value=\"9\" \/> <label for=\"poll-answer-9\">Climate operator <a href=\"https:\/\/maelosss.itch.io\/climate-operator\">(Jouer)<\/a><\/label><\/li>\n\t\t<li><input type=\"checkbox\" id=\"poll-answer-10\" name=\"poll_2\" value=\"10\" \/> <label for=\"poll-answer-10\">EARTHOPIA <a href=\"https:\/\/earthopia.itch.io\/earthopia\">(Jouer)<\/a><\/label><\/li>\n\t\t<li><input type=\"checkbox\" id=\"poll-answer-11\" name=\"poll_2\" value=\"11\" \/> <label for=\"poll-answer-11\">First Home Corporation <a href=\"https:\/\/first-home-corporation.itch.io\/first-home-corporation\">(Jouer)<\/a><\/label><\/li>\n\t\t<li><input type=\"checkbox\" id=\"poll-answer-12\" name=\"poll_2\" value=\"12\" \/> <label for=\"poll-answer-12\">gotta go feet <a href=\"https:\/\/popoulpe.itch.io\/gotta-go-feet\">(Jouer)<\/a><\/label><\/li>\n\t\t<li><input type=\"checkbox\" id=\"poll-answer-13\" name=\"poll_2\" value=\"13\" \/> <label for=\"poll-answer-13\">Krisis <a href=\"https:\/\/auvisa.itch.io\/krisis\">(Jouer)<\/a><\/label><\/li>\n\t\t<li><input type=\"checkbox\" id=\"poll-answer-14\" name=\"poll_2\" value=\"14\" \/> <label for=\"poll-answer-14\">La voix vers la Terre <a href=\"https:\/\/paul-lamarque.itch.io\/la-voix-vers-la-terre\">(Jouer)<\/a><\/label><\/li>\n\t\t<li><input type=\"checkbox\" id=\"poll-answer-15\" name=\"poll_2\" value=\"15\" \/> <label for=\"poll-answer-15\">Lightspeed Explorer <a href=\"https:\/\/pgmstudio.itch.io\/lightspeed-explorer\">(Jouer)<\/a><\/label><\/li>\n\t\t<li><input type=\"checkbox\" id=\"poll-answer-16\" name=\"poll_2\" value=\"16\" \/> <label for=\"poll-answer-16\">Nadir Earth Observation <a href=\"https:\/\/mick-dieu.itch.io\/sgj99\">(Jouer)<\/a><\/label><\/li>\n\t\t<li><input type=\"checkbox\" id=\"poll-answer-17\" name=\"poll_2\" value=\"17\" \/> <label for=\"poll-answer-17\">Plant For All <a href=\"https:\/\/duncanchenot.itch.io\/plant-for-all\">(Jouer)<\/a><\/label><\/li>\n\t\t<li><input type=\"checkbox\" id=\"poll-answer-18\" name=\"poll_2\" value=\"18\" \/> <label for=\"poll-answer-18\">Pocket Planet <a href=\"https:\/\/liluneart.itch.io\/pocket-planet\">(Jouer)<\/a><\/label><\/li>\n\t\t<li><input type=\"checkbox\" id=\"poll-answer-20\" name=\"poll_2\" value=\"20\" \/> <label for=\"poll-answer-20\">Sentinel-0 <a href=\"https:\/\/thegreatestrock.itch.io\/sentinel-0\">(Jouer)<\/a><\/label><\/li>\n\t\t<li><input type=\"checkbox\" id=\"poll-answer-21\" name=\"poll_2\" value=\"21\" \/> <label for=\"poll-answer-21\">Space attendant <a href=\"https:\/\/sofiascono.itch.io\/space-attendant\">(Jouer)<\/a><\/label><\/li>\n\t\t<li><input type=\"checkbox\" id=\"poll-answer-22\" name=\"poll_2\" value=\"22\" \/> <label for=\"poll-answer-22\">SpaceJam <a href=\"https:\/\/ouichsana.itch.io\/spacejam\">(Jouer)<\/a><\/label><\/li>\n\t\t<li><input type=\"checkbox\" id=\"poll-answer-23\" name=\"poll_2\" value=\"23\" \/> <label for=\"poll-answer-23\">StarCom <a href=\"https:\/\/dineil.itch.io\/starcom\">(Jouer)<\/a><\/label><\/li>\n\t\t<li><input type=\"checkbox\" id=\"poll-answer-25\" name=\"poll_2\" value=\"25\" \/> <label for=\"poll-answer-25\">The floor is water <a href=\"https:\/\/erwannl77.itch.io\/the-floor-is-water\">(Jouer)<\/a><\/label><\/li>\n\t\t<li><input type=\"checkbox\" id=\"poll-answer-26\" name=\"poll_2\" value=\"26\" \/> <label for=\"poll-answer-26\">The Greatest Rock <a href=\"https:\/\/mavoqa.itch.io\/the-greatest-rock\">(Jouer)<\/a><\/label><\/li>\n\t\t<li><input type=\"checkbox\" id=\"poll-answer-27\" name=\"poll_2\" value=\"27\" \/> <label for=\"poll-answer-27\">Tile &#8216;n Tide <a href=\"https:\/\/soyumeoru.itch.io\/tile-n-tide\">(Jouer)<\/a><\/label><\/li>\n\t\t<li><input type=\"checkbox\" id=\"poll-answer-28\" name=\"poll_2\" value=\"28\" \/> <label for=\"poll-answer-28\">WaveControl <a href=\"https:\/\/alexdto.itch.io\/wavecontrol\">(Jouer)<\/a><\/label><\/li>\n\t\t<li><input type=\"checkbox\" id=\"poll-answer-29\" name=\"poll_2\" value=\"29\" \/> <label for=\"poll-answer-29\">Welcome Home La\u00efka ! <a href=\"https:\/\/reshiram692.itch.io\/welcomehomelaika\">(Jouer)<\/a><\/label><\/li>\n\t\t<li><input type=\"checkbox\" id=\"poll-answer-30\" name=\"poll_2\" value=\"30\" \/> <label for=\"poll-answer-30\">TerraScan <a href=\"https:\/\/znientertainment.itch.io\/terrascan\">(Jouer)<\/a><\/label><\/li>\n\t\t<li><input type=\"checkbox\" id=\"poll-answer-31\" name=\"poll_2\" value=\"31\" \/> <label for=\"poll-answer-31\">Project last environment <a href=\"https:\/\/max-prog.itch.io\/project-last-environment\">(Jouer)<\/a><\/label><\/li>\n\t\t<\/ul><p style=\"text-align: center\"><input type=\"button\" name=\"vote\" value=\"\u202f\u202f\u202fVoter\u202f\u202f\u202f\" class=\"Buttons\" onclick=\"poll_vote(2);\" \/><\/p><p style=\"text-align: center\"><a href=\"#ViewPollResults\" onclick=\"poll_result(2); return false;\" title=\"View Results Of This Poll\">Voir les r\u00e9sultats<\/a><\/p><\/div>\n\t<\/form>\n<\/div>\n<div id=\"polls-2-loading\" class=\"wp-polls-loading\"><img decoding=\"async\" src=\"https:\/\/www.spacegamejam99.fr\/wp-content\/plugins\/wp-polls\/images\/loading.gif\" width=\"16\" height=\"16\" alt=\"Loading ...\" title=\"Loading ...\" class=\"wp-polls-image\" \/>&nbsp;Loading &#8230;<\/div>\n<div id=\"simple-translate\" class=\"simple-translate-system-theme\"><div><div class=\"simple-translate-button isShow\" style=\"background-image: url('moz-extension:\/\/77cc85a3-dd30-468a-afde-5f7a0dfa3a63\/icons\/512.png'); height: 22px; width: 22px; top: -16px; left: -57px;\">\u00a0<\/div><div class=\"simple-translate-panel \" style=\"width: 300px; height: 200px; top: 0px; left: 0px; font-size: 13px;\"><div class=\"simple-translate-result-wrapper\" style=\"overflow: hidden;\"><div class=\"simple-translate-move\" draggable=\"true\">\u00a0<\/div><div class=\"simple-translate-result-contents\"><p class=\"simple-translate-candidate\" dir=\"auto\">\u00a0<\/p><\/div><\/div><\/div><\/div><\/div>\t\t\t\t\t\t\t\t<\/div>\n\t\t\t\t<\/div>\n\t\t\t\t<div class=\"elementor-element elementor-element-e574665 elementor-widget elementor-widget-spacer\" data-id=\"e574665\" data-element_type=\"widget\" data-e-type=\"widget\" data-widget_type=\"spacer.default\">\n\t\t\t\t\t\t\t<div class=\"elementor-spacer\">\n\t\t\t<div class=\"elementor-spacer-inner\"><\/div>\n\t\t<\/div>\n\t\t\t\t\t\t<\/div>\n\t\t\t\t\t<\/div>\n\t\t\t\t<\/div>\n\t\t\t\t<\/div>\n\t\t","protected":false},"excerpt":{"rendered":"<p>Les jeux de la Space Game Jam 99 Les vingt quatre jeux de la Space Game Jam 99 sont testables en ligne sur itch.io. Acc\u00e9der aux jeux Thomas Pesquet vous rappelle la philosophie de l&#8217;\u00e9v\u00e8nement http:\/\/www.spacegamejam99.fr\/wp-content\/uploads\/2026\/04\/Space-Game-Jam-99-Thomas-Pesquet.mp4 Prix du Public Le prix du public vient consacrer le jeu pr\u00e9f\u00e9r\u00e9 du public. A vous de voter pour [&hellip;]<\/p>\n","protected":false},"author":1,"featured_media":0,"parent":0,"menu_order":0,"comment_status":"closed","ping_status":"closed","template":"","meta":{"footnotes":""},"class_list":["post-1673","page","type-page","status-publish","hentry"],"_links":{"self":[{"href":"https:\/\/www.spacegamejam99.fr\/index.php\/wp-json\/wp\/v2\/pages\/1673","targetHints":{"allow":["GET"]}}],"collection":[{"href":"https:\/\/www.spacegamejam99.fr\/index.php\/wp-json\/wp\/v2\/pages"}],"about":[{"href":"https:\/\/www.spacegamejam99.fr\/index.php\/wp-json\/wp\/v2\/types\/page"}],"author":[{"embeddable":true,"href":"https:\/\/www.spacegamejam99.fr\/index.php\/wp-json\/wp\/v2\/users\/1"}],"replies":[{"embeddable":true,"href":"https:\/\/www.spacegamejam99.fr\/index.php\/wp-json\/wp\/v2\/comments?post=1673"}],"version-history":[{"count":40,"href":"https:\/\/www.spacegamejam99.fr\/index.php\/wp-json\/wp\/v2\/pages\/1673\/revisions"}],"predecessor-version":[{"id":1731,"href":"https:\/\/www.spacegamejam99.fr\/index.php\/wp-json\/wp\/v2\/pages\/1673\/revisions\/1731"}],"wp:attachment":[{"href":"https:\/\/www.spacegamejam99.fr\/index.php\/wp-json\/wp\/v2\/media?parent=1673"}],"curies":[{"name":"wp","href":"https:\/\/api.w.org\/{rel}","templated":true}]}}