{"id":1546,"date":"2026-04-08T15:35:24","date_gmt":"2026-04-08T15:35:24","guid":{"rendered":"https:\/\/www.spacegamejam99.fr\/?page_id=1546"},"modified":"2026-04-09T16:35:43","modified_gmt":"2026-04-09T16:35:43","slug":"inscription-closed","status":"publish","type":"page","link":"https:\/\/www.spacegamejam99.fr\/index.php\/inscription-closed\/","title":{"rendered":"Inscription-closed"},"content":{"rendered":"\t\t<div data-elementor-type=\"wp-page\" data-elementor-id=\"1546\" class=\"elementor elementor-1546\" data-elementor-post-type=\"page\">\n\t\t\t\t<div class=\"elementor-element elementor-element-cb70012 e-flex e-con-boxed e-con e-parent\" data-id=\"cb70012\" data-element_type=\"container\" data-e-type=\"container\" data-settings=\"{&quot;background_background&quot;:&quot;classic&quot;}\">\n\t\t\t\t\t<div class=\"e-con-inner\">\n\t\t\t\t<div class=\"elementor-element elementor-element-4338480 elementor-widget elementor-widget-spacer\" data-id=\"4338480\" data-element_type=\"widget\" data-e-type=\"widget\" data-widget_type=\"spacer.default\">\n\t\t\t\t\t\t\t<div class=\"elementor-spacer\">\n\t\t\t<div class=\"elementor-spacer-inner\"><\/div>\n\t\t<\/div>\n\t\t\t\t\t\t<\/div>\n\t\t\t\t<div class=\"elementor-element elementor-element-304dae0 elementor-widget elementor-widget-heading\" data-id=\"304dae0\" data-element_type=\"widget\" data-e-type=\"widget\" data-widget_type=\"heading.default\">\n\t\t\t\t\t<h2 class=\"elementor-heading-title elementor-size-default\">Merci pour votre int\u00e9r\u00eat, les inscriptions sont closes.<\/h2>\t\t\t\t<\/div>\n\t\t\t\t<div class=\"elementor-element elementor-element-73b030f elementor-widget elementor-widget-text-editor\" data-id=\"73b030f\" data-element_type=\"widget\" data-e-type=\"widget\" data-widget_type=\"text-editor.default\">\n\t\t\t\t\t\t\t\t\t<p>Tous les inscrits ont \u00e9t\u00e9 contact\u00e9 par email pour leur confirmer leur participation et leur transmettre les derni\u00e8res infos pratiques.<\/p><p>Si vous \u00eates inscrit et que vous n&#8217;avez encore rien re\u00e7u, pensez \u00e0 v\u00e9rifier vos spams et au cas \u00e9ch\u00e9ant, signalez vous directement aupr\u00e8s de alizee@gameinsociety.com avant jeudi 09\/04\/2026 \u00e0 18h.<\/p>\t\t\t\t\t\t\t\t<\/div>\n\t\t\t\t<div class=\"elementor-element elementor-element-f703715 elementor-widget elementor-widget-spacer\" data-id=\"f703715\" data-element_type=\"widget\" data-e-type=\"widget\" data-widget_type=\"spacer.default\">\n\t\t\t\t\t\t\t<div class=\"elementor-spacer\">\n\t\t\t<div class=\"elementor-spacer-inner\"><\/div>\n\t\t<\/div>\n\t\t\t\t\t\t<\/div>\n\t\t\t\t\t<\/div>\n\t\t\t\t<\/div>\n\t\t\t\t<\/div>\n\t\t","protected":false},"excerpt":{"rendered":"<p>Merci pour votre int\u00e9r\u00eat, les inscriptions sont closes. Tous les inscrits ont \u00e9t\u00e9 contact\u00e9 par email pour leur confirmer leur participation et leur transmettre les derni\u00e8res infos pratiques. Si vous \u00eates inscrit et que vous n&#8217;avez encore rien re\u00e7u, pensez \u00e0 v\u00e9rifier vos spams et au cas \u00e9ch\u00e9ant, signalez vous directement aupr\u00e8s de alizee@gameinsociety.com avant [&hellip;]<\/p>\n","protected":false},"author":1,"featured_media":0,"parent":0,"menu_order":0,"comment_status":"closed","ping_status":"closed","template":"","meta":{"footnotes":""},"class_list":["post-1546","page","type-page","status-publish","hentry"],"_links":{"self":[{"href":"https:\/\/www.spacegamejam99.fr\/index.php\/wp-json\/wp\/v2\/pages\/1546","targetHints":{"allow":["GET"]}}],"collection":[{"href":"https:\/\/www.spacegamejam99.fr\/index.php\/wp-json\/wp\/v2\/pages"}],"about":[{"href":"https:\/\/www.spacegamejam99.fr\/index.php\/wp-json\/wp\/v2\/types\/page"}],"author":[{"embeddable":true,"href":"https:\/\/www.spacegamejam99.fr\/index.php\/wp-json\/wp\/v2\/users\/1"}],"replies":[{"embeddable":true,"href":"https:\/\/www.spacegamejam99.fr\/index.php\/wp-json\/wp\/v2\/comments?post=1546"}],"version-history":[{"count":13,"href":"https:\/\/www.spacegamejam99.fr\/index.php\/wp-json\/wp\/v2\/pages\/1546\/revisions"}],"predecessor-version":[{"id":1592,"href":"https:\/\/www.spacegamejam99.fr\/index.php\/wp-json\/wp\/v2\/pages\/1546\/revisions\/1592"}],"wp:attachment":[{"href":"https:\/\/www.spacegamejam99.fr\/index.php\/wp-json\/wp\/v2\/media?parent=1546"}],"curies":[{"name":"wp","href":"https:\/\/api.w.org\/{rel}","templated":true}]}}